{"id":51,"date":"2020-07-20T05:34:22","date_gmt":"2020-07-20T05:34:22","guid":{"rendered":"https:\/\/zivotnirazvoj.com.hr\/sample-page-2\/"},"modified":"2021-07-12T11:37:38","modified_gmt":"2021-07-12T09:37:38","slug":"o-meni","status":"publish","type":"page","link":"https:\/\/zivotnirazvoj.com.hr\/en\/o-meni\/","title":{"rendered":"About me"},"content":{"rendered":"<div data-elementor-type=\"wp-page\" data-elementor-id=\"51\" class=\"elementor elementor-51\">\n\t\t\t\t\t\t<section class=\"elementor-section elementor-top-section elementor-element elementor-element-5c8c80de elementor-section-boxed elementor-section-height-default elementor-section-height-default\" data-id=\"5c8c80de\" data-element_type=\"section\">\n\t\t\t\t\t\t<div class=\"elementor-container elementor-column-gap-wider\">\n\t\t\t\t\t<div class=\"aux-parallax-section elementor-column elementor-col-50 elementor-top-column elementor-element elementor-element-6dacadcf\" data-id=\"6dacadcf\" data-element_type=\"column\">\n\t\t\t<div class=\"elementor-widget-wrap elementor-element-populated\">\n\t\t\t\t\t\t<div class=\"elementor-element elementor-element-5eb42c40 aux-appear-watch-animation aux-fade-in-up elementor-widget elementor-widget-aux_modern_heading\" data-id=\"5eb42c40\" data-element_type=\"widget\" data-widget_type=\"aux_modern_heading.default\">\n\t\t\t\t<div class=\"elementor-widget-container\">\n\t\t\t<section class=\"aux-widget-modern-heading\">\n            <div class=\"aux-widget-inner\"><h3 class=\"aux-modern-heading-primary\">Who am I?<\/h3><\/div>\n        <\/section>\t\t<\/div>\n\t\t\t\t<\/div>\n\t\t\t\t<div class=\"elementor-element elementor-element-8ecc7eb elementor-widget elementor-widget-text-editor\" data-id=\"8ecc7eb\" data-element_type=\"widget\" data-widget_type=\"text-editor.default\">\n\t\t\t\t<div class=\"elementor-widget-container\">\n\t\t\t\t\t\t\t<p><strong>I could introduce yourself as a person who has interests in several fields.<\/strong> Primarily, in my business career,\nI was a computer specialist and during that time, and I was considered a great DTP expert, which I\nworked for many years. The path through my working years was: I traveled with my work, so I visited\nvarious interesting countries and cultures. I always felt good in any country, not just my own country\nand town. Living and working in various countries and environments was a challenge for me but also a\npleasure since I become familiar with life of other people in their daily activities.<\/p><p><strong>In some of the more difficult stages that I went through in my life, I looked for ways to solve those challenges in a way that would be <\/strong><strong>a new approach and possibly pleasant and lead me to a happier and\nmore creative life.<\/strong> That's how I met with various solutions and people who wanted to help... Honestly,\neverything looked great at the beginning, but the solutions didn't come. I think it is primarily due to the lack of knowledge and lack of compassion - although they wanted to help.<\/p><p><strong>What was a real refreshment, or a huge step forward, was the encounter with a holistic way of looking at<\/strong><br \/><strong>life and with such knowledge and therapies.<\/strong> I would like to emphasize homeopathy here, so I was educated and became a homeopath, educated by the London International College of Homeopathy. It was the right move for me because it opened up new perspectives and solutions regarding health and\ngeneral well-being.<\/p><p><strong>During that period, I came across another wonderful way of solving challenges in life.<\/strong> I am very interested in human emotions, so I finished education for Dr. Bach's method and became a certified practitioner of Bach flower essences. Another wonderful method for solving emotional entanglements: fears from known and unknown causes, feelings of insecurity, loneliness, discouragement, lack of interest, excessive concern for other people. Each of these methods is extremely important and very important to me.\u00a0<\/p><p><strong>I also actively participate in organizing and conducting education at the Homeopathic Education Center at the <\/strong><strong>Croatian Association of Homeopaths, as a lecturer and supporter.<\/strong> In 2021, we finished educating our first generation of students and we are very proud of that.<\/p><p><strong>On my path for searching for techniques to improve the quality of life, I came across the work of \u017divorad Mihailovi\u0107 Slavinski.<\/strong> . Applying his methods was a real balm to my emotional wound. My problems have become easier to solve, my goals are more accessible, and my quality of life has significantly improved. I upgraded my knowledge so that I became a trainer of Spiritual Technologies, Deep Peat, DP4, DP2.<\/p>\t\t\t\t\t\t<\/div>\n\t\t\t\t<\/div>\n\t\t\t\t\t<\/div>\n\t\t<\/div>\n\t\t\t\t<div class=\"aux-parallax-section elementor-column elementor-col-50 elementor-top-column elementor-element elementor-element-170d9fc1\" data-id=\"170d9fc1\" data-element_type=\"column\">\n\t\t\t<div class=\"elementor-widget-wrap elementor-element-populated\">\n\t\t\t\t\t\t<div class=\"elementor-element elementor-element-5f72cdb elementor-widget elementor-widget-image\" data-id=\"5f72cdb\" data-element_type=\"widget\" data-widget_type=\"image.default\">\n\t\t\t\t<div class=\"elementor-widget-container\">\n\t\t\t\t\t\t\t\t\t\t\t\t\t<img fetchpriority=\"high\" decoding=\"async\" width=\"1024\" height=\"1024\" src=\"https:\/\/zivotnirazvoj.com.hr\/wp-content\/uploads\/2021\/06\/Ljiljana-slika-boja-1024x1024.jpg\" class=\"attachment-large size-large wp-image-76\" alt=\"\" srcset=\"https:\/\/zivotnirazvoj.com.hr\/wp-content\/uploads\/2021\/06\/Ljiljana-slika-boja-1024x1024.jpg 1024w, https:\/\/zivotnirazvoj.com.hr\/wp-content\/uploads\/2021\/06\/Ljiljana-slika-boja-300x300.jpg 300w, https:\/\/zivotnirazvoj.com.hr\/wp-content\/uploads\/2021\/06\/Ljiljana-slika-boja-150x150.jpg 150w, https:\/\/zivotnirazvoj.com.hr\/wp-content\/uploads\/2021\/06\/Ljiljana-slika-boja-768x768.jpg 768w\" sizes=\"(max-width: 1024px) 100vw, 1024px\" \/>\t\t\t\t\t\t\t\t\t\t\t\t\t<\/div>\n\t\t\t\t<\/div>\n\t\t\t\t\t<\/div>\n\t\t<\/div>\n\t\t\t\t\t<\/div>\n\t\t<\/section>\n\t\t\t\t<section class=\"elementor-section elementor-top-section elementor-element elementor-element-509cc917 elementor-section-content-middle elementor-section-boxed elementor-section-height-default elementor-section-height-default\" data-id=\"509cc917\" data-element_type=\"section\" id=\"about\">\n\t\t\t\t\t\t<div class=\"elementor-container elementor-column-gap-no\">\n\t\t\t\t\t<div class=\"aux-parallax-section elementor-column elementor-col-50 elementor-top-column elementor-element elementor-element-edecbd9\" data-id=\"edecbd9\" data-element_type=\"column\">\n\t\t\t<div class=\"elementor-widget-wrap elementor-element-populated\">\n\t\t\t\t\t\t<div class=\"elementor-element elementor-element-3fb15cd8 aux-appear-watch-animation aux-mask-from-top elementor-widget elementor-widget-aux_modern_button\" data-id=\"3fb15cd8\" data-element_type=\"widget\" data-widget_type=\"aux_modern_button.default\">\n\t\t\t\t<div class=\"elementor-widget-container\">\n\t\t\t    <div class=\"aux-modern-button-wrapper aux-modern-button-align-left\" >\n                    <a class=\"aux-modern-button aux-black aux-modern-button-md aux-modern-button-normal aux-modern-button-default aux-icon-left\" href=\"#blog-influencer-first-section\">\n                <div class=\"aux-overlay\"><\/div>\n                                    <div class=\"aux-icon\">\n                        <svg xmlns=\"http:\/\/www.w3.org\/2000\/svg\" width=\"18\" height=\"98.5\" viewbox=\"0 0 18 98.5\"><g transform=\"translate(-201.5 -926.5)\"><line y2=\"92\" transform=\"translate(210.5 927.5)\" fill=\"none\" stroke=\"#fff\" stroke-linecap=\"round\" stroke-width=\"2\"><\/line><path d=\"M9,0l9,11H0Z\" transform=\"translate(219.5 1025) rotate(180)\" fill=\"#fff\"><\/path><\/g><\/svg>                    <\/div>\n                                <div class=\"aux-text\">\n                <\/div>\n            <\/a>\n            \n    <\/div>\n\n    \t\t<\/div>\n\t\t\t\t<\/div>\n\t\t\t\t\t<\/div>\n\t\t<\/div>\n\t\t\t\t<div class=\"aux-parallax-section elementor-column elementor-col-50 elementor-top-column elementor-element elementor-element-63aae118\" data-id=\"63aae118\" data-element_type=\"column\">\n\t\t\t<div class=\"elementor-widget-wrap elementor-element-populated\">\n\t\t\t\t\t\t<div class=\"elementor-element elementor-element-3f56a449 aux-appear-watch-animation aux-fade-in-right-1 elementor-widget elementor-widget-aux_modern_heading\" data-id=\"3f56a449\" data-element_type=\"widget\" data-widget_type=\"aux_modern_heading.default\">\n\t\t\t\t<div class=\"elementor-widget-container\">\n\t\t\t<section class=\"aux-widget-modern-heading\">\n            <div class=\"aux-widget-inner\"><h4 class=\"aux-modern-heading-primary\">About the Deep Peat method<\/h4><div class=\"aux-modern-heading-divider\"><\/div><div class=\"aux-modern-heading-description\"><p>We are experiencing in a two ways the world around you: the Dual world and the world of Unity. Namely, when we are in the world of duality, we see events through the prisms of: good and evil, creation and destruction, light and darkness, life and death... The Peat method brings man salvation and liberation, a breath of freedom from the deadly pressure of dualism and brings a person into balance.<\/p><\/div><\/div>\n        <\/section>\t\t<\/div>\n\t\t\t\t<\/div>\n\t\t\t\t<div class=\"elementor-element elementor-element-0b0c5c9 aux-appear-watch-animation aux-fade-in-left-1 elementor-widget elementor-widget-aux_modern_button\" data-id=\"0b0c5c9\" data-element_type=\"widget\" data-widget_type=\"aux_modern_button.default\">\n\t\t\t\t<div class=\"elementor-widget-container\">\n\t\t\t    <div class=\"aux-modern-button-wrapper aux-modern-button-align-left\" >\n                    <a class=\"aux-modern-button aux-black aux-modern-button-md aux-modern-button-normal aux-modern-button-default aux-icon-right\" href=\"https:\/\/zivotnirazvoj.com.hr\/en\/duboki-peat\/\">\n                <div class=\"aux-overlay\"><\/div>\n                                    <div class=\"aux-icon\">\n                                            <\/div>\n                                <div class=\"aux-text\">\n<span class=\"aux-text-before\">Saznaj vi\u0161e o metodi<\/span>                <\/div>\n            <\/a>\n            \n    <\/div>\n\n    \t\t<\/div>\n\t\t\t\t<\/div>\n\t\t\t\t\t<\/div>\n\t\t<\/div>\n\t\t\t\t\t<\/div>\n\t\t<\/section>\n\t\t\t\t<\/div>","protected":false},"excerpt":{"rendered":"<p>Tko sam ja Meni se jednostavno predstaviti kao osobu koja ima interese na vi\u0161e polja. Prvenstveno sam u poslovnoj karijeri bila ljubitelj kompjutera i za to vrijeme i va\u017eila sam za velikog stru\u010dnjaka Dtp \u0161to sam dugo godina i radila. Put kroz radni vijek je bio takav da sam i putovala sa svojim poslom, pa [&hellip;]<\/p>","protected":false},"author":1,"featured_media":0,"parent":0,"menu_order":0,"comment_status":"closed","ping_status":"closed","template":"elementor_header_footer","meta":{"footnotes":""},"class_list":["post-51","page","type-page","status-publish","hentry"],"_links":{"self":[{"href":"https:\/\/zivotnirazvoj.com.hr\/en\/wp-json\/wp\/v2\/pages\/51","targetHints":{"allow":["GET"]}}],"collection":[{"href":"https:\/\/zivotnirazvoj.com.hr\/en\/wp-json\/wp\/v2\/pages"}],"about":[{"href":"https:\/\/zivotnirazvoj.com.hr\/en\/wp-json\/wp\/v2\/types\/page"}],"author":[{"embeddable":true,"href":"https:\/\/zivotnirazvoj.com.hr\/en\/wp-json\/wp\/v2\/users\/1"}],"replies":[{"embeddable":true,"href":"https:\/\/zivotnirazvoj.com.hr\/en\/wp-json\/wp\/v2\/comments?post=51"}],"version-history":[{"count":10,"href":"https:\/\/zivotnirazvoj.com.hr\/en\/wp-json\/wp\/v2\/pages\/51\/revisions"}],"predecessor-version":[{"id":191,"href":"https:\/\/zivotnirazvoj.com.hr\/en\/wp-json\/wp\/v2\/pages\/51\/revisions\/191"}],"wp:attachment":[{"href":"https:\/\/zivotnirazvoj.com.hr\/en\/wp-json\/wp\/v2\/media?parent=51"}],"curies":[{"name":"wp","href":"https:\/\/api.w.org\/{rel}","templated":true}]}}